{"id":8,"date":"2024-04-03T16:46:22","date_gmt":"2024-04-03T14:46:22","guid":{"rendered":"http:\/\/alternativazemnihoplynu.cz\/?page_id=8"},"modified":"2024-04-04T15:22:15","modified_gmt":"2024-04-04T13:22:15","slug":"uvod","status":"publish","type":"page","link":"https:\/\/alternativazemnihoplynu.cz\/","title":{"rendered":"\u00davod"},"content":{"rendered":"\t\t<div data-elementor-type=\"wp-page\" data-elementor-id=\"8\" class=\"elementor elementor-8\" data-elementor-post-type=\"page\">\n\t\t\t\t<div class=\"elementor-element elementor-element-f839616 e-flex e-con-boxed e-con e-parent\" data-id=\"f839616\" data-element_type=\"container\" data-settings=\"{&quot;background_background&quot;:&quot;classic&quot;,&quot;ekit_has_onepagescroll_dot&quot;:&quot;yes&quot;}\" data-core-v316-plus=\"true\">\n\t\t\t\t\t<div class=\"e-con-inner\">\n\t\t<div class=\"elementor-element elementor-element-02524d3 e-con-full e-flex e-con e-child\" data-id=\"02524d3\" data-element_type=\"container\" data-settings=\"{&quot;background_background&quot;:&quot;classic&quot;,&quot;ekit_has_onepagescroll_dot&quot;:&quot;yes&quot;}\">\n\t\t<div class=\"elementor-element elementor-element-b79f9d5 e-flex e-con-boxed e-con e-child\" data-id=\"b79f9d5\" data-element_type=\"container\" data-settings=\"{&quot;background_background&quot;:&quot;classic&quot;,&quot;ekit_has_onepagescroll_dot&quot;:&quot;yes&quot;}\">\n\t\t\t\t\t<div class=\"e-con-inner\">\n\t\t<div class=\"elementor-element elementor-element-81a4409 e-flex e-con-boxed e-con e-child\" data-id=\"81a4409\" data-element_type=\"container\" data-settings=\"{&quot;ekit_has_onepagescroll_dot&quot;:&quot;yes&quot;}\">\n\t\t\t\t\t<div class=\"e-con-inner\">\n\t\t\t\t<div class=\"elementor-element elementor-element-49d8247 elementor-widget elementor-widget-image\" data-id=\"49d8247\" data-element_type=\"widget\" data-settings=\"{&quot;ekit_we_effect_on&quot;:&quot;none&quot;}\" data-widget_type=\"image.default\">\n\t\t\t\t<div class=\"elementor-widget-container\">\n\t\t\t<style>\/*! elementor - v3.20.0 - 26-03-2024 *\/\n.elementor-widget-image{text-align:center}.elementor-widget-image a{display:inline-block}.elementor-widget-image a img[src$=\".svg\"]{width:48px}.elementor-widget-image img{vertical-align:middle;display:inline-block}<\/style>\t\t\t\t\t\t\t\t\t\t<img fetchpriority=\"high\" decoding=\"async\" width=\"800\" height=\"407\" src=\"https:\/\/alternativazemnihoplynu.cz\/wp-content\/uploads\/2024\/04\/LOGO-2-1536x782-2-1024x521.png\" class=\"attachment-large size-large wp-image-12\" alt=\"\" srcset=\"https:\/\/alternativazemnihoplynu.cz\/wp-content\/uploads\/2024\/04\/LOGO-2-1536x782-2-1024x521.png 1024w, https:\/\/alternativazemnihoplynu.cz\/wp-content\/uploads\/2024\/04\/LOGO-2-1536x782-2-300x153.png 300w, https:\/\/alternativazemnihoplynu.cz\/wp-content\/uploads\/2024\/04\/LOGO-2-1536x782-2-768x391.png 768w, https:\/\/alternativazemnihoplynu.cz\/wp-content\/uploads\/2024\/04\/LOGO-2-1536x782-2.png 1536w\" sizes=\"(max-width: 800px) 100vw, 800px\" \/>\t\t\t\t\t\t\t\t\t\t\t\t\t<\/div>\n\t\t\t\t<\/div>\n\t\t\t\t\t<\/div>\n\t\t\t\t<\/div>\n\t\t<div class=\"elementor-element elementor-element-61fff74 e-con-full e-flex e-con e-child\" data-id=\"61fff74\" data-element_type=\"container\" data-settings=\"{&quot;ekit_has_onepagescroll_dot&quot;:&quot;yes&quot;}\">\n\t\t\t\t<div class=\"elementor-element elementor-element-cd6f9c9 elementor-widget elementor-widget-elementskit-creative-button\" data-id=\"cd6f9c9\" data-element_type=\"widget\" data-settings=\"{&quot;ekit_we_effect_on&quot;:&quot;none&quot;}\" data-widget_type=\"elementskit-creative-button.default\">\n\t\t\t\t<div class=\"elementor-widget-container\">\n\t\t\t<div class=\"ekit-wid-con\" >\t\t<div class=\"ekit-btn-wraper\">\n\t\t\t\t\t\t\t\t<a href=\"https:\/\/syntetickyzemniplyn.cz\/\" target=\"_blank\" data-text=\"\" class=\"ekit_creative_button ekit_ujarak \" >\n\n\t\t\t\t\t\t\t\t\t\t\t\t\t<i aria-hidden=\"true\" class=\"ekit_creative_button_icon_before icon icon-pointer-right\"><\/i>\t\t\t\t\t\t\n\t\t\t\t\t\t<span class=\"ekit_creative_button_text\">Nav\u0161tivte n\u00e1\u0161 hlavn\u00ed web<\/span>\n\n\t\t\t\t\t\t\n\t\t\t\t\t\t\t\t\t\t\t<\/a>\n\t\t\t\t\t\t<\/div>\n        <\/div>\t\t<\/div>\n\t\t\t\t<\/div>\n\t\t\t\t<\/div>\n\t\t\t\t\t<\/div>\n\t\t\t\t<\/div>\n\t\t\t\t<div class=\"elementor-element elementor-element-27ee392 elementor-position-left elementor-vertical-align-middle elementor-view-default elementor-mobile-position-top elementor-widget elementor-widget-icon-box\" data-id=\"27ee392\" data-element_type=\"widget\" data-settings=\"{&quot;ekit_we_effect_on&quot;:&quot;none&quot;}\" data-widget_type=\"icon-box.default\">\n\t\t\t\t<div class=\"elementor-widget-container\">\n\t\t\t<link rel=\"stylesheet\" href=\"https:\/\/alternativazemnihoplynu.cz\/wp-content\/plugins\/elementor\/assets\/css\/widget-icon-box.min.css\">\t\t<div class=\"elementor-icon-box-wrapper\">\n\t\t\t\t\t\t<div class=\"elementor-icon-box-icon\">\n\t\t\t\t<span  class=\"elementor-icon elementor-animation-\">\n\t\t\t\t<svg aria-hidden=\"true\" class=\"e-font-icon-svg e-fab-gripfire\" viewBox=\"0 0 384 512\" xmlns=\"http:\/\/www.w3.org\/2000\/svg\"><path d=\"M112.5 301.4c0-73.8 105.1-122.5 105.1-203 0-47.1-34-88-39.1-90.4.4 3.3.6 6.7.6 10C179.1 110.1 32 171.9 32 286.6c0 49.8 32.2 79.2 66.5 108.3 65.1 46.7 78.1 71.4 78.1 86.6 0 10.1-4.8 17-4.8 22.3 13.1-16.7 17.4-31.9 17.5-46.4 0-29.6-21.7-56.3-44.2-86.5-16-22.3-32.6-42.6-32.6-69.5zm205.3-39c-12.1-66.8-78-124.4-94.7-130.9l4 7.2c2.4 5.1 3.4 10.9 3.4 17.1 0 44.7-54.2 111.2-56.6 116.7-2.2 5.1-3.2 10.5-3.2 15.8 0 20.1 15.2 42.1 17.9 42.1 2.4 0 56.6-55.4 58.1-87.7 6.4 11.7 9.1 22.6 9.1 33.4 0 41.2-41.8 96.9-41.8 96.9 0 11.6 31.9 53.2 35.5 53.2 1 0 2.2-1.4 3.2-2.4 37.9-39.3 67.3-85 67.3-136.8 0-8-.7-16.2-2.2-24.6z\"><\/path><\/svg>\t\t\t\t<\/span>\n\t\t\t<\/div>\n\t\t\t\t\t\t<div class=\"elementor-icon-box-content\">\n\t\t\t\t<h3 class=\"elementor-icon-box-title\">\n\t\t\t\t\t<span  >\n\t\t\t\t\t\tHled\u00e1te alternativn\u00ed zdroje zemn\u00edho plynu?\t\t\t\t\t<\/span>\n\t\t\t\t<\/h3>\n\t\t\t\t\t\t\t<\/div>\n\t\t<\/div>\n\t\t\t\t<\/div>\n\t\t\t\t<\/div>\n\t\t<div class=\"elementor-element elementor-element-03dabc4 e-flex e-con-boxed e-con e-child\" data-id=\"03dabc4\" data-element_type=\"container\" data-settings=\"{&quot;ekit_has_onepagescroll_dot&quot;:&quot;yes&quot;}\">\n\t\t\t\t\t<div class=\"e-con-inner\">\n\t\t<div class=\"elementor-element elementor-element-ab73851 e-flex e-con-boxed e-con e-child\" data-id=\"ab73851\" data-element_type=\"container\" data-settings=\"{&quot;ekit_has_onepagescroll_dot&quot;:&quot;yes&quot;}\">\n\t\t\t\t\t<div class=\"e-con-inner\">\n\t\t\t\t<div class=\"elementor-element elementor-element-42aa3fc elementor-vertical-align-middle elementor-widget elementor-widget-icon-box\" data-id=\"42aa3fc\" data-element_type=\"widget\" data-settings=\"{&quot;ekit_we_effect_on&quot;:&quot;none&quot;}\" data-widget_type=\"icon-box.default\">\n\t\t\t\t<div class=\"elementor-widget-container\">\n\t\t\t\t\t<div class=\"elementor-icon-box-wrapper\">\n\t\t\t\t\t\t<div class=\"elementor-icon-box-content\">\n\t\t\t\t<h3 class=\"elementor-icon-box-title\">\n\t\t\t\t\t<span  >\n\t\t\t\t\t\tHled\u00e1te alternativn\u00ed zdroje zemn\u00edho plynu?\t\t\t\t\t<\/span>\n\t\t\t\t<\/h3>\n\t\t\t\t\t\t\t<\/div>\n\t\t<\/div>\n\t\t\t\t<\/div>\n\t\t\t\t<\/div>\n\t\t\t\t<div class=\"elementor-element elementor-element-998fde6 elementor-widget elementor-widget-text-editor\" data-id=\"998fde6\" data-element_type=\"widget\" data-settings=\"{&quot;ekit_we_effect_on&quot;:&quot;none&quot;}\" data-widget_type=\"text-editor.default\">\n\t\t\t\t<div class=\"elementor-widget-container\">\n\t\t\t<style>\/*! elementor - v3.20.0 - 26-03-2024 *\/\n.elementor-widget-text-editor.elementor-drop-cap-view-stacked .elementor-drop-cap{background-color:#69727d;color:#fff}.elementor-widget-text-editor.elementor-drop-cap-view-framed .elementor-drop-cap{color:#69727d;border:3px solid;background-color:transparent}.elementor-widget-text-editor:not(.elementor-drop-cap-view-default) .elementor-drop-cap{margin-top:8px}.elementor-widget-text-editor:not(.elementor-drop-cap-view-default) .elementor-drop-cap-letter{width:1em;height:1em}.elementor-widget-text-editor .elementor-drop-cap{float:left;text-align:center;line-height:1;font-size:50px}.elementor-widget-text-editor .elementor-drop-cap-letter{display:inline-block}<\/style>\t\t\t\t<p dir=\"auto\">Alternativn\u00ed zdroj k zemn\u00edmu plynu je\u00a0<strong>SNG<\/strong>\u00a0&#8211;\u00a0<strong>syntetick\u00fd zemn\u00ed plyn<\/strong>.\u00a0<\/p><p dir=\"auto\">Nab\u00edz\u00edme dv\u011b v\u00fdrobn\u00ed technologie SNG, kter\u00e9 jsou p\u0159esn\u00e9 a spolehliv\u00e9.<\/p><p dir=\"auto\">Za\u0159\u00edd\u00edme v\u0161e od projek\u010dn\u00ed a in\u017een\u00fdrsk\u00e9 f\u00e1ze, p\u0159es dod\u00e1vku a o\u017eiven\u00ed syst\u00e9mu. Jakmile dojde k p\u0159ed\u00e1n\u00ed, m\u00e1te k dispozici <strong>vlastn\u00ed zdroj zemn\u00edho plynu<\/strong>\u00a0s\u00a0<strong>minim\u00e1ln\u00edmi<\/strong>\u00a0<strong>n\u00e1roky<\/strong>\u00a0na obsluhu.<\/p>\t\t\t\t\t\t<\/div>\n\t\t\t\t<\/div>\n\t\t\t\t\t<\/div>\n\t\t\t\t<\/div>\n\t\t<div class=\"elementor-element elementor-element-c668d1e e-con-full e-flex e-con e-child\" data-id=\"c668d1e\" data-element_type=\"container\" data-settings=\"{&quot;ekit_has_onepagescroll_dot&quot;:&quot;yes&quot;}\">\n\t\t\t\t<div class=\"elementor-element elementor-element-09ee88a elementor-widget elementor-widget-image\" data-id=\"09ee88a\" data-element_type=\"widget\" data-settings=\"{&quot;ekit_we_effect_on&quot;:&quot;none&quot;}\" data-widget_type=\"image.default\">\n\t\t\t\t<div class=\"elementor-widget-container\">\n\t\t\t\t\t\t\t\t\t\t\t\t\t<img decoding=\"async\" width=\"800\" height=\"533\" src=\"https:\/\/alternativazemnihoplynu.cz\/wp-content\/uploads\/2024\/04\/Prodig_TCV_Frenstat_231204-126-1024x682.jpg\" class=\"attachment-large size-large wp-image-14\" alt=\"\" srcset=\"https:\/\/alternativazemnihoplynu.cz\/wp-content\/uploads\/2024\/04\/Prodig_TCV_Frenstat_231204-126-1024x682.jpg 1024w, https:\/\/alternativazemnihoplynu.cz\/wp-content\/uploads\/2024\/04\/Prodig_TCV_Frenstat_231204-126-300x200.jpg 300w, https:\/\/alternativazemnihoplynu.cz\/wp-content\/uploads\/2024\/04\/Prodig_TCV_Frenstat_231204-126-768x512.jpg 768w, https:\/\/alternativazemnihoplynu.cz\/wp-content\/uploads\/2024\/04\/Prodig_TCV_Frenstat_231204-126.jpg 1400w\" sizes=\"(max-width: 800px) 100vw, 800px\" \/>\t\t\t\t\t\t\t\t\t\t\t\t\t<\/div>\n\t\t\t\t<\/div>\n\t\t\t\t<\/div>\n\t\t\t\t\t<\/div>\n\t\t\t\t<\/div>\n\t\t<div class=\"elementor-element elementor-element-18d075a e-flex e-con-boxed e-con e-child\" data-id=\"18d075a\" data-element_type=\"container\" data-settings=\"{&quot;ekit_has_onepagescroll_dot&quot;:&quot;yes&quot;}\">\n\t\t\t\t\t<div class=\"e-con-inner\">\n\t\t<div class=\"elementor-element elementor-element-1fc9fe1 e-flex e-con-boxed e-con e-child\" data-id=\"1fc9fe1\" data-element_type=\"container\" data-settings=\"{&quot;ekit_has_onepagescroll_dot&quot;:&quot;yes&quot;}\">\n\t\t\t\t\t<div class=\"e-con-inner\">\n\t\t\t\t<div class=\"elementor-element elementor-element-a217f94 elementor-view-default elementor-position-top elementor-mobile-position-top elementor-widget elementor-widget-icon-box\" data-id=\"a217f94\" data-element_type=\"widget\" data-settings=\"{&quot;ekit_we_effect_on&quot;:&quot;none&quot;}\" data-widget_type=\"icon-box.default\">\n\t\t\t\t<div class=\"elementor-widget-container\">\n\t\t\t\t\t<div class=\"elementor-icon-box-wrapper\">\n\t\t\t\t\t\t<div class=\"elementor-icon-box-icon\">\n\t\t\t\t<a href=\"tel:734573671\" class=\"elementor-icon elementor-animation-\" tabindex=\"-1\">\n\t\t\t\t<i aria-hidden=\"true\" class=\"icon icon-phone-call\"><\/i>\t\t\t\t<\/a>\n\t\t\t<\/div>\n\t\t\t\t\t\t<div class=\"elementor-icon-box-content\">\n\t\t\t\t<h3 class=\"elementor-icon-box-title\">\n\t\t\t\t\t<a href=\"tel:734573671\" >\n\t\t\t\t\t\t+420 734 573 671\t\t\t\t\t<\/a>\n\t\t\t\t<\/h3>\n\t\t\t\t\t\t\t<\/div>\n\t\t<\/div>\n\t\t\t\t<\/div>\n\t\t\t\t<\/div>\n\t\t\t\t\t<\/div>\n\t\t\t\t<\/div>\n\t\t<div class=\"elementor-element elementor-element-9011b85 e-con-full e-flex e-con e-child\" data-id=\"9011b85\" data-element_type=\"container\" data-settings=\"{&quot;ekit_has_onepagescroll_dot&quot;:&quot;yes&quot;}\">\n\t\t\t\t<div class=\"elementor-element elementor-element-2556b22 elementor-view-default elementor-position-top elementor-mobile-position-top elementor-widget elementor-widget-icon-box\" data-id=\"2556b22\" data-element_type=\"widget\" data-settings=\"{&quot;ekit_we_effect_on&quot;:&quot;none&quot;}\" data-widget_type=\"icon-box.default\">\n\t\t\t\t<div class=\"elementor-widget-container\">\n\t\t\t\t\t<div class=\"elementor-icon-box-wrapper\">\n\t\t\t\t\t\t<div class=\"elementor-icon-box-icon\">\n\t\t\t\t<a href=\"mailto:prodig@prodig.eu\" class=\"elementor-icon elementor-animation-\" tabindex=\"-1\">\n\t\t\t\t<i aria-hidden=\"true\" class=\"icon icon-envelope1\"><\/i>\t\t\t\t<\/a>\n\t\t\t<\/div>\n\t\t\t\t\t\t<div class=\"elementor-icon-box-content\">\n\t\t\t\t<h3 class=\"elementor-icon-box-title\">\n\t\t\t\t\t<a href=\"mailto:prodig@prodig.eu\" >\n\t\t\t\t\t\tprodig@prodig.eu\t\t\t\t\t<\/a>\n\t\t\t\t<\/h3>\n\t\t\t\t\t\t\t<\/div>\n\t\t<\/div>\n\t\t\t\t<\/div>\n\t\t\t\t<\/div>\n\t\t\t\t<\/div>\n\t\t<div class=\"elementor-element elementor-element-e9d17ab e-con-full e-flex e-con e-child\" data-id=\"e9d17ab\" data-element_type=\"container\" data-settings=\"{&quot;ekit_has_onepagescroll_dot&quot;:&quot;yes&quot;}\">\n\t\t\t\t<div class=\"elementor-element elementor-element-eaa5ba4 elementor-view-default elementor-position-top elementor-mobile-position-top elementor-widget elementor-widget-icon-box\" data-id=\"eaa5ba4\" data-element_type=\"widget\" data-settings=\"{&quot;ekit_we_effect_on&quot;:&quot;none&quot;}\" data-widget_type=\"icon-box.default\">\n\t\t\t\t<div class=\"elementor-widget-container\">\n\t\t\t\t\t<div class=\"elementor-icon-box-wrapper\">\n\t\t\t\t\t\t<div class=\"elementor-icon-box-icon\">\n\t\t\t\t<span  class=\"elementor-icon elementor-animation-\">\n\t\t\t\t<i aria-hidden=\"true\" class=\"icon icon-map1\"><\/i>\t\t\t\t<\/span>\n\t\t\t<\/div>\n\t\t\t\t\t\t<div class=\"elementor-icon-box-content\">\n\t\t\t\t<h3 class=\"elementor-icon-box-title\">\n\t\t\t\t\t<span  >\n\t\t\t\t\t\tRatibo\u0159 352, 756 21\t\t\t\t\t<\/span>\n\t\t\t\t<\/h3>\n\t\t\t\t\t\t\t<\/div>\n\t\t<\/div>\n\t\t\t\t<\/div>\n\t\t\t\t<\/div>\n\t\t\t\t<\/div>\n\t\t\t\t\t<\/div>\n\t\t\t\t<\/div>\n\t\t\t\t<\/div>\n\t\t\t\t\t<\/div>\n\t\t\t\t<\/div>\n\t\t\t\t<\/div>\n\t\t","protected":false},"excerpt":{"rendered":"<p>Nav\u0161tivte n\u00e1\u0161 hlavn\u00ed web Hled\u00e1te alternativn\u00ed zdroje zemn\u00edho plynu? Hled\u00e1te alternativn\u00ed zdroje zemn\u00edho plynu? Alternativn\u00ed zdroj k zemn\u00edmu plynu je\u00a0SNG\u00a0&#8211;\u00a0syntetick\u00fd zemn\u00ed plyn.\u00a0 Nab\u00edz\u00edme dv\u011b v\u00fdrobn\u00ed technologie SNG, kter\u00e9 jsou p\u0159esn\u00e9 a spolehliv\u00e9. Za\u0159\u00edd\u00edme v\u0161e od projek\u010dn\u00ed a in\u017een\u00fdrsk\u00e9 f\u00e1ze, p\u0159es dod\u00e1vku a o\u017eiven\u00ed syst\u00e9mu. Jakmile dojde k p\u0159ed\u00e1n\u00ed, m\u00e1te k dispozici vlastn\u00ed zdroj zemn\u00edho plynu\u00a0s\u00a0minim\u00e1ln\u00edmi\u00a0n\u00e1roky\u00a0na [&hellip;]<\/p>\n","protected":false},"author":2,"featured_media":0,"parent":0,"menu_order":0,"comment_status":"closed","ping_status":"closed","template":"elementor_canvas","meta":{"footnotes":""},"class_list":["post-8","page","type-page","status-publish","hentry"],"_links":{"self":[{"href":"https:\/\/alternativazemnihoplynu.cz\/index.php?rest_route=\/wp\/v2\/pages\/8","targetHints":{"allow":["GET"]}}],"collection":[{"href":"https:\/\/alternativazemnihoplynu.cz\/index.php?rest_route=\/wp\/v2\/pages"}],"about":[{"href":"https:\/\/alternativazemnihoplynu.cz\/index.php?rest_route=\/wp\/v2\/types\/page"}],"author":[{"embeddable":true,"href":"https:\/\/alternativazemnihoplynu.cz\/index.php?rest_route=\/wp\/v2\/users\/2"}],"replies":[{"embeddable":true,"href":"https:\/\/alternativazemnihoplynu.cz\/index.php?rest_route=%2Fwp%2Fv2%2Fcomments&post=8"}],"version-history":[{"count":0,"href":"https:\/\/alternativazemnihoplynu.cz\/index.php?rest_route=\/wp\/v2\/pages\/8\/revisions"}],"wp:attachment":[{"href":"https:\/\/alternativazemnihoplynu.cz\/index.php?rest_route=%2Fwp%2Fv2%2Fmedia&parent=8"}],"curies":[{"name":"wp","href":"https:\/\/api.w.org\/{rel}","templated":true}]}}